{"id":531,"date":"2020-09-16T08:21:08","date_gmt":"2020-09-16T08:21:08","guid":{"rendered":"https:\/\/www.musiqueengraves.com\/?page_id=531"},"modified":"2021-10-12T16:18:26","modified_gmt":"2021-10-12T16:18:26","slug":"casino-en-ligne","status":"publish","type":"page","link":"https:\/\/www.musiqueengraves.com\/","title":{"rendered":"Home"},"content":{"rendered":"\n<div class=\"wp-block-cover alignfull has-background-dim-70 has-ast-global-color-6-background-color has-background-dim has-parallax\" style=\"background-image:url(https:\/\/www.musiqueengraves.com\/wp-content\/uploads\/2021\/10\/z-2-scaled.jpg);min-height:860px\"><div class=\"wp-block-cover__inner-container\">\n<div class=\"wp-block-image\"><figure class=\"aligncenter size-full is-resized\"><img decoding=\"async\" loading=\"lazy\" src=\"https:\/\/www.musiqueengraves.com\/wp-content\/uploads\/2021\/10\/z-5.png\" alt=\"Casino en Ligne\" class=\"wp-image-747\" width=\"199\" height=\"199\" srcset=\"https:\/\/www.musiqueengraves.com\/wp-content\/uploads\/2021\/10\/z-5.png 364w, https:\/\/www.musiqueengraves.com\/wp-content\/uploads\/2021\/10\/z-5-300x300.png 300w, https:\/\/www.musiqueengraves.com\/wp-content\/uploads\/2021\/10\/z-5-150x150.png 150w\" sizes=\"(max-width: 199px) 100vw, 199px\" \/><\/figure><\/div>\n\n\n\n<h3 class=\"has-text-align-center has-ast-global-color-0-color has-text-color\"><\/h3>\n\n\n\n<h2 class=\"has-text-align-center has-white-color has-text-color\">Casino en Ligne<\/h2>\n\n\n\n<p class=\"has-text-align-center has-white-color has-text-color\">Le Casino en Ligne Casino-z a \u00e9t\u00e9 ouvert en 2012. Il s&#8217;adresse aux joueurs europ\u00e9ens, mais si vous parlez anglais, vous passerez un bon moment sur le terrain. Des jeux de leaders de l&#8217;industrie sont propos\u00e9s ici, des promotions sont organis\u00e9es, des bonus sont distribu\u00e9s. Le Casino en Ligne Casino-z offre une protection fiable des processus, et vous pouvez donc jouer pour de l&#8217;argent et retirer des paiements sans aucun doute.<\/p>\n<\/div><\/div>\n\n\n\n<div class=\"is-layout-flow wp-block-group alignfull has-ast-global-color-4-background-color has-background\"><div class=\"wp-block-group__inner-container\">\n<div class=\"is-layout-flex wp-container-3 wp-block-columns are-vertically-aligned-center\">\n<div class=\"is-layout-flow wp-block-column is-vertically-aligned-center\" style=\"flex-basis:52.24%\">\n<h2 class=\"has-text-align-center\">Casino en Ligne: des machines \u00e0 sous pour les loisirs de jeu<\/h2>\n\n\n\n<p class=\"has-text-align-center\">Lorsque vous choisissez des machines \u00e0 sous sur Casino-z, faites attention \u00e0 leur vari\u00e9t\u00e9. Des versions classiques du 777 et des d\u00e9clinaisons th\u00e9matiques vous sont propos\u00e9es. Les premiers sont id\u00e9aux en l&#8217;absence d&#8217;exp\u00e9rience. Ils se caract\u00e9risent par la simplicit\u00e9 des r\u00e8gles, l&#8217;absence d&#8217;options suppl\u00e9mentaires. Les machines \u00e0 sous th\u00e9matiques propos\u00e9es sur Casino-z intriguent avec une intrigue. Vous visiterez le pass\u00e9, irez dans l&#8217;espace, essayerez le r\u00f4le d&#8217;un magnat du p\u00e9trole.<\/p>\n<\/div>\n\n\n\n<div class=\"is-layout-flow wp-block-column is-vertically-aligned-center\" style=\"flex-basis:47.76%\">\n<div class=\"wp-block-image\"><figure class=\"aligncenter size-full\"><img decoding=\"async\" loading=\"lazy\" width=\"437\" height=\"229\" src=\"https:\/\/www.musiqueengraves.com\/wp-content\/uploads\/2021\/10\/z-7.png\" alt=\"\" class=\"wp-image-755\" srcset=\"https:\/\/www.musiqueengraves.com\/wp-content\/uploads\/2021\/10\/z-7.png 437w, https:\/\/www.musiqueengraves.com\/wp-content\/uploads\/2021\/10\/z-7-300x157.png 300w\" sizes=\"(max-width: 437px) 100vw, 437px\" \/><\/figure><\/div>\n<\/div>\n<\/div>\n\n\n\n<div class=\"is-layout-flex wp-container-5 wp-block-columns are-vertically-aligned-center\">\n<div class=\"is-layout-flow wp-block-column is-vertically-aligned-center\" style=\"flex-basis:100%\">\n<h3><\/h3>\n\n\n\n<div class=\"wp-block-image\"><figure class=\"aligncenter size-full\"><img decoding=\"async\" loading=\"lazy\" width=\"700\" height=\"215\" src=\"https:\/\/www.musiqueengraves.com\/wp-content\/uploads\/2021\/10\/z-6.png\" alt=\"\" class=\"wp-image-751\" srcset=\"https:\/\/www.musiqueengraves.com\/wp-content\/uploads\/2021\/10\/z-6.png 700w, https:\/\/www.musiqueengraves.com\/wp-content\/uploads\/2021\/10\/z-6-300x92.png 300w\" sizes=\"(max-width: 700px) 100vw, 700px\" \/><\/figure><\/div>\n<\/div>\n<\/div>\n\n\n\n<p>Tous les appareils sont fournis par des d\u00e9veloppeurs de confiance. Parmi eux:<\/p>\n\n\n\n<ul><li>Betsoft<\/li><li>Evoplay&nbsp;<\/li><li><a href=\"https:\/\/habanerosystems.com\/contact\" target=\"_blank\" rel=\"noreferrer noopener\">Habanero<\/a><\/li><li>Microgaming<\/li><\/ul>\n\n\n\n<p>La liste compl\u00e8te des fournisseurs peut \u00eatre consult\u00e9e dans la salle de jeux. Des filtres sont \u00e9galement disponibles ici, vous permettant de trier les cr\u00e9neaux par ordre alphab\u00e9tique, par d\u00e9veloppeur ou par cat\u00e9gorie sp\u00e9cifique (nouveau, populaire, etc.).<\/p>\n\n\n\n<p>Les machines \u00e0 sous propos\u00e9es sur Casino-z ne se limitent pas aux versions standard. Des animations \u00e0 table s&#8217;offrent \u00e9galement \u00e0 vous. Ceux-ci incluent le poker, le blackjack, le baccarat, la roulette. Les jeux de loterie ne sont pas moins int\u00e9ressants. Le divertissement en direct est pr\u00e9sent\u00e9 dans une cat\u00e9gorie \u00e0 part, au cours de laquelle vous affrontez un vrai croupier.<\/p>\n\n\n\n<p>Les machines les plus populaires de Casino-z sont Aztec Gold Megaways, Deadwood xNudge, Big Bass Bonanza, Jumbo Joker, 81 Frutas Grandes. Parmi les jeux en direct, vous pouvez choisir le First Person Craps, le Texas Holdem Bonus, le Caribbean Stud Poker, le Infinite Blackjack. Gardez \u00e0 l&#8217;esprit que les machines \u00e0 sous Casino-z disponibles au Casino en Ligne avec de vrais croupiers ne sont activ\u00e9es que pour de l&#8217;argent r\u00e9el. Les autres versions sont libres de lancement.<\/p>\n<\/div><\/div>\n\n\n\n<div class=\"wp-block-cover alignfull has-background-dim-60 has-ast-global-color-6-background-color has-background-dim has-parallax\" style=\"background-image:url(https:\/\/www.musiqueengraves.com\/wp-content\/uploads\/2021\/10\/z-8.jpg);min-height:490px\"><div class=\"wp-block-cover__inner-container\">\n<h2 class=\"has-text-align-center has-text-color\" style=\"color:#db9423\">Casino en Ligne: bonus pour les d\u00e9butants et les clients r\u00e9guliers<\/h2>\n\n\n\n<p>Les bonus offerts sur Casino-z ne sont valables que pour les utilisateurs enregistr\u00e9s. Imm\u00e9diatement apr\u00e8s la cr\u00e9ation d&#8217;un compte, 12 tours gratuits sont fournis dans la machine \u00e0 sous Eddy Dundee. Une mise x30 est impos\u00e9e sur le montant gagn\u00e9 avec leur aide. A votre disposition \u00e9galement:<\/p>\n\n\n\n<ul><li><span class=\"has-inline-color has-ast-global-color-4-color\">bonus de bienvenue pour les trois premiers d\u00e9p\u00f4ts (maximum 100 euros, mise x45)<\/span><\/li><li><span class=\"has-inline-color has-ast-global-color-4-color\">cadeau d&#8217;anniversaire (fourni apr\u00e8s v\u00e9rification du compte et contact avec le support)<\/span><\/li><li><span class=\"has-inline-color has-ast-global-color-4-color\">des bonus sous forme de pins gratuits et des int\u00e9r\u00eats sur un d\u00e9p\u00f4t du lundi au dimanche (certains cadeaux sont \u00e9mis un jour pr<\/span>\u00e9cis)<\/li><\/ul>\n\n\n\n<p>Les tours gratuits ne sont pas calcul\u00e9s pour toutes les machines \u00e0 sous disponibles sur Casino-z. Les r\u00e8gles contiennent des cr\u00e9neaux sp\u00e9cifiques, l&#8217;ordre de mise. Veuillez lire les informations avant d&#8217;activer le bonus afin de respecter les conditions.<\/p>\n\n\n\n<p>Vous pouvez \u00e9galement obtenir un cadeau en utilisant un code promotionnel chez Casino-z. Pour cela, des bonus spins, des int\u00e9r\u00eats pour la reconstitution du compte sont d\u00e9pos\u00e9s. Le code promotionnel est entr\u00e9 dans une cellule sp\u00e9ciale de votre compte personnel.<\/p>\n<\/div><\/div>\n\n\n\n<div class=\"is-layout-flow wp-block-group alignfull has-ast-global-color-4-background-color has-background\"><div class=\"wp-block-group__inner-container\">\n<h2 class=\"has-text-align-center\">Site officiel et son execution<\/h2>\n\n\n\n<div class=\"wp-block-image\"><figure class=\"alignleft size-full\"><img decoding=\"async\" loading=\"lazy\" width=\"300\" height=\"165\" src=\"https:\/\/www.musiqueengraves.com\/wp-content\/uploads\/2021\/10\/z-3.png\" alt=\"Casino en Ligne\" class=\"wp-image-744\"\/><\/figure><\/div>\n\n\n\n<p>Lors de la visite de Casino-z, le site officiel attire l&#8217;attention avec le contraste des nuances. La partie sup\u00e9rieure est r\u00e9serv\u00e9e \u00e0 la publicit\u00e9. Ici, sur un fond sombre, des blocs lumineux contenant des informations sur les bonus actifs changent. Au centre, vous pouvez choisir des machines \u00e0 sous avec un haut niveau de retour sur d\u00e9p\u00f4t. La partie inf\u00e9rieure contient des informations sur Casino-z (conditions g\u00e9n\u00e9rales, actualit\u00e9s, informations sur les transactions financi\u00e8res, etc.).<\/p>\n\n\n\n<p>Le contenu est en anglais uniquement. La navigation sur le site prend une fraction de seconde. Les informations sont pr\u00e9sent\u00e9es dans des blocs s\u00e9par\u00e9s, ce qui facilite leur recherche. Lors de la cr\u00e9ation d&#8217;un site officiel pour jouer sur Casino-z, les d\u00e9veloppeurs ont pris en compte toutes les nuances pour le confort des visiteurs.<\/p>\n\n\n\n<p>L&#8217;acc\u00e8s au portail est possible depuis n&#8217;importe quel appareil. Utilisez votre ordinateur, tablette, smartphone. Pour les appareils \u00ab de poche \u00bb, une version mobile a \u00e9t\u00e9 cr\u00e9\u00e9e par les d\u00e9veloppeurs de Casino-z. Ses avantages r\u00e9sident dans des performances \u00e0 haute vitesse, un acc\u00e8s 24 heures sur 24 au divertissement et aucune connexion \u00e0 un PC.<\/p>\n\n\n\n<div class=\"is-layout-flex wp-container-9 wp-block-columns\">\n<div class=\"is-layout-flow wp-block-column is-vertically-aligned-center\">\n<h2 class=\"has-text-align-center\">Inscription et acc\u00e8s au profil<\/h2>\n\n\n\n<p>Chez Casino-z, l&#8217;inscription est requise pour acc\u00e9der \u00e0 toutes les fonctionnalit\u00e9s du Casino en Ligne. Le processus prend quelques minutes. Vous avez besoin:<\/p>\n\n\n\n<ul><li>cliquez sur \u00ab&nbsp;S&#8217;inscrire&nbsp;\u00bb&nbsp;<\/li><li>saisir la date de naissance, le pays de r\u00e9sidence, la devise de calcul<\/li><li>sp\u00e9cifiez un e-mail, trouvez un mot de passe, ajoutez une m\u00e9thode de communication (Wattsap, Facebook, etc.)<\/li><\/ul>\n\n\n\n<p>Une lettre sera envoy\u00e9e \u00e0 l&#8217;adresse e-mail, qui ne peut \u00eatre ignor\u00e9e. Ouvrez-le, suivez le lien fourni. Vous vous retrouverez dans le compte personnel de Casino-z, par lequel vous v\u00e9rifierez votre e-mail. \u00c0 ce stade, l&#8217;inscription est consid\u00e9r\u00e9e comme termin\u00e9e et vous pouvez vous rendre dans la salle de jeu.<\/p>\n<\/div>\n\n\n\n<div class=\"is-layout-flow wp-block-column is-vertically-aligned-center\">\n<h2 class=\"has-text-align-center\">Casino-z: site miroir pour contourner les restrictions<\/h2>\n\n\n\n<p>Si vous rencontrez des probl\u00e8mes pour entrer dans Casino-z, le miroir vous aidera \u00e0 les r\u00e9soudre en peu de temps. Il s&#8217;agit d&#8217;une copie exacte du site officiel, reproduisant compl\u00e8tement sa conception et ses fonctionnalit\u00e9s. Il propose les m\u00eames jeux, <a href=\"https:\/\/www.musiqueengraves.com\/?p=780\">bonus et promotions<\/a> auxquels vous \u00eates habitu\u00e9 sur la ressource principale. Lorsque la collection de cr\u00e9neaux est reconstitu\u00e9e, de nouveaux \u00e9l\u00e9ments sont affich\u00e9s sur toutes les adresses alternatives.<\/p>\n\n\n\n<p>Le miroir cr\u00e9\u00e9 pour entrer dans Casino-z peut \u00eatre utilis\u00e9 depuis n&#8217;importe quel appareil. Il s&#8217;ouvre \u00e0 partir d&#8217;ordinateurs et d&#8217;appareils mobiles. Pour l&#8217;autorisation, vous n&#8217;avez pas besoin de recr\u00e9er un compte. Entrez le nom d&#8217;utilisateur et le mot de passe que vous avez sp\u00e9cifi\u00e9s lorsque vous avez rempli le questionnaire pour la premi\u00e8re fois sur Casino-z. Si vous n&#8217;avez pas encore de compte, vous pouvez en cr\u00e9er un sur le site de copie.<\/p>\n<\/div>\n<\/div>\n<\/div><\/div>\n\n\n\n<div class=\"wp-block-cover alignfull has-background-dim-70 has-ast-global-color-6-background-color has-background-dim has-parallax\" style=\"background-image:url(https:\/\/www.musiqueengraves.com\/wp-content\/uploads\/2021\/10\/z-8.jpg);min-height:670px\"><div class=\"wp-block-cover__inner-container\">\n<h2 class=\"has-text-align-center has-ast-global-color-0-color has-text-color\">Conclusions<\/h2>\n\n\n\n<p class=\"has-text-align-center\">Vous passerez un bon moment \u00e0 visiter Casino en Ligne Casino-z. Gr\u00e2ce \u00e0 l&#8217;\u00e9norme collection de divertissements en ligne, vous pouvez r\u00e9guli\u00e8rement activer de nouvelles machines. Casino-z est le portail officiel autoris\u00e9 par la Commission des jeux de Cura\u00e7ao. Les permis garantissent l&#8217;honn\u00eatet\u00e9 et la fiabilit\u00e9 des processus, et il est donc s\u00fbr de jouer pour de l&#8217;argent. Mais pour les visiteurs de France et d&#8217;autres pays francophones, il y a une nuance &#8211; l&#8217;interface est pr\u00e9sent\u00e9e uniquement en anglais.<\/p>\n\n\n\n<p class=\"has-text-align-center\">Une fois connect\u00e9 \u00e0 Casino-z, vous pouvez profiter de bonus de bienvenue et quotidiens, et recevoir des cadeaux d&#8217;anniversaire. Des montants suppl\u00e9mentaires au d\u00e9p\u00f4t et aux tours gratuits vous aideront \u00e0 gagner le prix principal. Il existe de nombreuses offres sur Casino-z. Inscrivez-vous et commencez \u00e0 jouer pour de l&#8217;argent r\u00e9el. Si vous rencontrez des probl\u00e8mes d&#8217;acc\u00e8s au portail, utilisez le miroir cr\u00e9\u00e9 pour acc\u00e9der au Casino-z.<\/p>\n<\/div><\/div>\n\n\n\n<div class=\"is-layout-flow wp-block-group alignfull has-ast-global-color-4-background-color has-background\"><div class=\"wp-block-group__inner-container\">\n<h2 class=\"has-text-align-center\">FAQ<\/h2>\n\n\n\n<h5><strong>Est-il possible de jouer sur Casino-z gratuitement?<\/strong><\/h5>\n\n\n\n<p>Le club virtuel dispose d&#8217;un mode de jeu gratuit. C&#8217;est id\u00e9al si vous n&#8217;avez aucune exp\u00e9rience, car cela \u00e9limine le risque de perdre de l&#8217;argent. Pour activer la d\u00e9mo, vous n&#8217;avez pas besoin de vous inscrire ou de r\u00e9approvisionner votre compte. Rendez-vous simplement dans la salle de jeu, choisissez une machine \u00e0 sous et lancez-la dans votre navigateur. Des cr\u00e9dits de d\u00e9monstration sont fournis pour les paris, qui ne sont pas destin\u00e9s \u00e0 \u00eatre retir\u00e9s.<\/p>\n\n\n\n<h5><strong>Quels sont les avantages de l&#8217;inscription?<\/strong><\/h5>\n\n\n\n<p>L&#8217;inscription \u00e0 Casino-z ouvre l&#8217;acc\u00e8s aux transactions financi\u00e8res, \u00e0 l&#8217;utilisation de bonus et aux jeux d&#8217;argent. Le processus ne prend pas plus de quelques minutes et, \u00e0 la fin, vous deviendrez un visiteur \u00e0 part enti\u00e8re du club virtuel. Pour cr\u00e9er un compte, vous pouvez recevoir \u00e0 la fois des cadeaux de d\u00e9p\u00f4t et aucun d\u00e9p\u00f4t sous forme de tours gratuits.<\/p>\n\n\n\n<h5><strong>Comment ouvrir un compte chez Casino-z et le reconstituer?<\/strong><\/h5>\n\n\n\n<p>Pour ouvrir un compte, vous devez vous inscrire sur le site officiel ou son miroir. Fournissez les donn\u00e9es requises, v\u00e9rifiez leur exactitude et leur pertinence. Une fois l&#8217;inscription termin\u00e9e, connectez-vous \u00e0 votre profil et acc\u00e9dez \u00e0 la section caisse. S\u00e9lectionnez ici le syst\u00e8me de paiement souhait\u00e9, indiquez le montant d&#8217;au moins 10 euros.<\/p>\n\n\n\n<h5><strong>Comment obtenir des bonus?<\/strong><\/h5>\n\n\n\n<p>Pour recevoir des bonus, inscrivez-vous sur la plateforme de jeu. Apr\u00e8s vous \u00eatre connect\u00e9 \u00e0 votre compte, vous serez cr\u00e9dit\u00e9 de 12 tours gratuits sans d\u00e9p\u00f4t. Un forfait de bienvenue est \u00e9galement disponible, qui comprend des int\u00e9r\u00eats sur les trois premiers d\u00e9p\u00f4ts. Les bonus quotidiens fournis pour le r\u00e9approvisionnement du compte ou le respect d&#8217;autres conditions sont tout aussi importants.<\/p>\n\n\n\n<h5><strong>Comment puis-je retirer mes gains?<\/strong><\/h5>\n\n\n\n<p>Une dizaine de services ont \u00e9t\u00e9 propos\u00e9s pour retirer les gains, dont des cartes bancaires et des syst\u00e8mes \u00e9lectroniques. Pour postuler, connectez-vous \u00e0 votre profil et rendez-vous dans la section appropri\u00e9e. Indiquez un mode de paiement acceptable, saisissez un montant d&#8217;au moins 10 euros ou l&#8217;\u00e9quivalent dans une autre devise.<\/p>\n\n\n\n<h5><strong>Quelles sont les machines \u00e0 sous de Casino-z?<\/strong><\/h5>\n\n\n\n<p>Le casino dispose d&#8217;environ 1 300 machines \u00e0 sous, qui diff\u00e8rent par leurs r\u00e8gles et leur ex\u00e9cution. Vous avez acc\u00e8s aux versions classiques de 777, machines \u00e0 sous \u00e0 composante th\u00e9matique. Parmi eux, il existe des jeux \u00e0 jackpots progressifs et fixes. Le site propose \u00e9galement du poker, du blackjack, du baccarat, du craps. Une section distincte est Live.<\/p>\n\n\n\n<h5><strong>Comment jouer aux machines \u00e0 sous?<\/strong><\/h5>\n\n\n\n<p>Pour jouer aux machines \u00e0 sous, vous devez d\u00e9cider du mode. Vous pouvez activer les versions gratuites ou placer des paris pour de l&#8217;argent. Allez \u00e0 la salle de jeu et choisissez une machine \u00e0 sous. Ex\u00e9cutez-le, sp\u00e9cifiez le nombre de lignes et de pi\u00e8ces par tour. Cliquez ensuite sur &#8220;D\u00e9marrer&#8221; et observez le changement de symboles sur le terrain. Chaque combinaison de prix est pay\u00e9e selon les coefficients fix\u00e9s par les d\u00e9veloppeurs.<\/p>\n\n\n\n<div class=\"is-layout-flex wp-container-11 wp-block-columns\"><\/div>\n<\/div><\/div>\n","protected":false},"excerpt":{"rendered":"<p>Casino en Ligne: des machines \u00e0 sous pour les loisirs de jeu Lorsque vous choisissez des machines \u00e0 sous sur Casino-z, faites attention \u00e0 leur vari\u00e9t\u00e9. Des versions classiques du 777 et des d\u00e9clinaisons th\u00e9matiques vous sont propos\u00e9es. Les premiers sont id\u00e9aux en l&#8217;absence d&#8217;exp\u00e9rience. Ils se caract\u00e9risent par la simplicit\u00e9 des r\u00e8gles, l&#8217;absence d&#8217;options &hellip;<\/p>\n<p class=\"read-more\"> <a class=\"\" href=\"https:\/\/www.musiqueengraves.com\/\"> <span class=\"screen-reader-text\">Home<\/span> Read More &raquo;<\/a><\/p>\n","protected":false},"author":1,"featured_media":0,"parent":0,"menu_order":0,"comment_status":"closed","ping_status":"closed","template":"","meta":{"site-sidebar-layout":"no-sidebar","site-content-layout":"plain-container","ast-global-header-display":"","ast-main-header-display":"","ast-hfb-above-header-display":"","ast-hfb-below-header-display":"","ast-hfb-mobile-header-display":"","site-post-title":"disabled","ast-breadcrumbs-content":"","ast-featured-img":"disabled","footer-sml-layout":"","theme-transparent-header-meta":"default","adv-header-id-meta":"","stick-header-meta":"","header-above-stick-meta":"","header-main-stick-meta":"","header-below-stick-meta":""},"yoast_head":"<!-- This site is optimized with the Yoast SEO plugin v20.1 - https:\/\/yoast.com\/wordpress\/plugins\/seo\/ -->\n<title>Casino en Ligne - Meilleures promotions des casinos en ligne - 2021<\/title>\n<meta name=\"description\" content=\"Vous passerez un bon moment \u00e0 visiter Casino en Ligne Casino-z. Gr\u00e2ce \u00e0 l&#039;\u00e9norme collection de divertissements en ligne, vous pouvez...\" \/>\n<meta name=\"robots\" content=\"index, follow, max-snippet:-1, max-image-preview:large, max-video-preview:-1\" \/>\n<link rel=\"canonical\" href=\"https:\/\/www.musiqueengraves.com\/\" \/>\n<meta property=\"og:locale\" content=\"en_US\" \/>\n<meta property=\"og:type\" content=\"article\" \/>\n<meta property=\"og:title\" content=\"Casino en Ligne - Meilleures promotions des casinos en ligne - 2021\" \/>\n<meta property=\"og:description\" content=\"Vous passerez un bon moment \u00e0 visiter Casino en Ligne Casino-z. Gr\u00e2ce \u00e0 l&#039;\u00e9norme collection de divertissements en ligne, vous pouvez...\" \/>\n<meta property=\"og:url\" content=\"https:\/\/www.musiqueengraves.com\/\" \/>\n<meta property=\"og:site_name\" content=\"Casino en Ligne\" \/>\n<meta property=\"article:modified_time\" content=\"2021-10-12T16:18:26+00:00\" \/>\n<meta property=\"og:image\" content=\"https:\/\/www.musiqueengraves.com\/wp-content\/uploads\/2021\/10\/z-5.png\" \/>\n<meta name=\"twitter:card\" content=\"summary_large_image\" \/>\n<meta name=\"twitter:label1\" content=\"Est. reading time\" \/>\n\t<meta name=\"twitter:data1\" content=\"8 minutes\" \/>\n<script type=\"application\/ld+json\" class=\"yoast-schema-graph\">{\"@context\":\"https:\/\/schema.org\",\"@graph\":[{\"@type\":\"WebPage\",\"@id\":\"https:\/\/www.musiqueengraves.com\/\",\"url\":\"https:\/\/www.musiqueengraves.com\/\",\"name\":\"Casino en Ligne - Meilleures promotions des casinos en ligne - 2021\",\"isPartOf\":{\"@id\":\"https:\/\/www.musiqueengraves.com\/#website\"},\"datePublished\":\"2020-09-16T08:21:08+00:00\",\"dateModified\":\"2021-10-12T16:18:26+00:00\",\"description\":\"Vous passerez un bon moment \u00e0 visiter Casino en Ligne Casino-z. Gr\u00e2ce \u00e0 l'\u00e9norme collection de divertissements en ligne, vous pouvez...\",\"breadcrumb\":{\"@id\":\"https:\/\/www.musiqueengraves.com\/#breadcrumb\"},\"inLanguage\":\"en-US\",\"potentialAction\":[{\"@type\":\"ReadAction\",\"target\":[\"https:\/\/www.musiqueengraves.com\/\"]}]},{\"@type\":\"BreadcrumbList\",\"@id\":\"https:\/\/www.musiqueengraves.com\/#breadcrumb\",\"itemListElement\":[{\"@type\":\"ListItem\",\"position\":1,\"name\":\"Home\",\"item\":\"https:\/\/www.musiqueengraves.com\/\"},{\"@type\":\"ListItem\",\"position\":2,\"name\":\"Home\"}]},{\"@type\":\"WebSite\",\"@id\":\"https:\/\/www.musiqueengraves.com\/#website\",\"url\":\"https:\/\/www.musiqueengraves.com\/\",\"name\":\"Casino en Ligne\",\"description\":\"\",\"potentialAction\":[{\"@type\":\"SearchAction\",\"target\":{\"@type\":\"EntryPoint\",\"urlTemplate\":\"https:\/\/www.musiqueengraves.com\/?s={search_term_string}\"},\"query-input\":\"required name=search_term_string\"}],\"inLanguage\":\"en-US\"}]}<\/script>\n<!-- \/ Yoast SEO plugin. -->","yoast_head_json":{"title":"Casino en Ligne - Meilleures promotions des casinos en ligne - 2021","description":"Vous passerez un bon moment \u00e0 visiter Casino en Ligne Casino-z. Gr\u00e2ce \u00e0 l'\u00e9norme collection de divertissements en ligne, vous pouvez...","robots":{"index":"index","follow":"follow","max-snippet":"max-snippet:-1","max-image-preview":"max-image-preview:large","max-video-preview":"max-video-preview:-1"},"canonical":"https:\/\/www.musiqueengraves.com\/","og_locale":"en_US","og_type":"article","og_title":"Casino en Ligne - Meilleures promotions des casinos en ligne - 2021","og_description":"Vous passerez un bon moment \u00e0 visiter Casino en Ligne Casino-z. Gr\u00e2ce \u00e0 l'\u00e9norme collection de divertissements en ligne, vous pouvez...","og_url":"https:\/\/www.musiqueengraves.com\/","og_site_name":"Casino en Ligne","article_modified_time":"2021-10-12T16:18:26+00:00","og_image":[{"url":"https:\/\/www.musiqueengraves.com\/wp-content\/uploads\/2021\/10\/z-5.png"}],"twitter_card":"summary_large_image","twitter_misc":{"Est. reading time":"8 minutes"},"schema":{"@context":"https:\/\/schema.org","@graph":[{"@type":"WebPage","@id":"https:\/\/www.musiqueengraves.com\/","url":"https:\/\/www.musiqueengraves.com\/","name":"Casino en Ligne - Meilleures promotions des casinos en ligne - 2021","isPartOf":{"@id":"https:\/\/www.musiqueengraves.com\/#website"},"datePublished":"2020-09-16T08:21:08+00:00","dateModified":"2021-10-12T16:18:26+00:00","description":"Vous passerez un bon moment \u00e0 visiter Casino en Ligne Casino-z. Gr\u00e2ce \u00e0 l'\u00e9norme collection de divertissements en ligne, vous pouvez...","breadcrumb":{"@id":"https:\/\/www.musiqueengraves.com\/#breadcrumb"},"inLanguage":"en-US","potentialAction":[{"@type":"ReadAction","target":["https:\/\/www.musiqueengraves.com\/"]}]},{"@type":"BreadcrumbList","@id":"https:\/\/www.musiqueengraves.com\/#breadcrumb","itemListElement":[{"@type":"ListItem","position":1,"name":"Home","item":"https:\/\/www.musiqueengraves.com\/"},{"@type":"ListItem","position":2,"name":"Home"}]},{"@type":"WebSite","@id":"https:\/\/www.musiqueengraves.com\/#website","url":"https:\/\/www.musiqueengraves.com\/","name":"Casino en Ligne","description":"","potentialAction":[{"@type":"SearchAction","target":{"@type":"EntryPoint","urlTemplate":"https:\/\/www.musiqueengraves.com\/?s={search_term_string}"},"query-input":"required name=search_term_string"}],"inLanguage":"en-US"}]}},"_links":{"self":[{"href":"https:\/\/www.musiqueengraves.com\/index.php?rest_route=\/wp\/v2\/pages\/531"}],"collection":[{"href":"https:\/\/www.musiqueengraves.com\/index.php?rest_route=\/wp\/v2\/pages"}],"about":[{"href":"https:\/\/www.musiqueengraves.com\/index.php?rest_route=\/wp\/v2\/types\/page"}],"author":[{"embeddable":true,"href":"https:\/\/www.musiqueengraves.com\/index.php?rest_route=\/wp\/v2\/users\/1"}],"replies":[{"embeddable":true,"href":"https:\/\/www.musiqueengraves.com\/index.php?rest_route=%2Fwp%2Fv2%2Fcomments&post=531"}],"version-history":[{"count":17,"href":"https:\/\/www.musiqueengraves.com\/index.php?rest_route=\/wp\/v2\/pages\/531\/revisions"}],"predecessor-version":[{"id":824,"href":"https:\/\/www.musiqueengraves.com\/index.php?rest_route=\/wp\/v2\/pages\/531\/revisions\/824"}],"wp:attachment":[{"href":"https:\/\/www.musiqueengraves.com\/index.php?rest_route=%2Fwp%2Fv2%2Fmedia&parent=531"}],"curies":[{"name":"wp","href":"https:\/\/api.w.org\/{rel}","templated":true}]}}